{"id":368,"date":"2024-06-18T14:41:15","date_gmt":"2024-06-18T14:41:15","guid":{"rendered":"https:\/\/www.lajoiedespierres.com\/portail\/?page_id=368"},"modified":"2024-06-24T12:35:02","modified_gmt":"2024-06-24T12:35:02","slug":"blog","status":"publish","type":"page","link":"https:\/\/www.lajoiedespierres.com\/portail\/?page_id=368","title":{"rendered":"News"},"content":{"rendered":"\t\t<div data-elementor-type=\"wp-page\" data-elementor-id=\"368\" class=\"elementor elementor-368\">\n\t\t\t\t<div class=\"elementor-element elementor-element-6ac42e5 e-grid e-con-boxed wpr-particle-no wpr-jarallax-no wpr-parallax-no wpr-sticky-section-no e-con e-parent\" data-id=\"6ac42e5\" data-element_type=\"container\">\n\t\t\t\t\t<div class=\"e-con-inner\">\n\t\t\t\t<div class=\"elementor-element elementor-element-0f3284d exad-sticky-section-no exad-glass-effect-no elementor-widget elementor-widget-shortcode\" data-id=\"0f3284d\" data-element_type=\"widget\" data-widget_type=\"shortcode.default\">\n\t\t\t\t<div class=\"elementor-widget-container\">\n\t\t\t\t\t<div class=\"elementor-shortcode\"><style type='text\/css' media='all'>#rt-tpg-container-3513982254 .rt-holder .rt-woo-info .price{color:#7cb6c9;}body .rt-tpg-container .rt-tpg-isotope-buttons .selected,\n\t\t\t\t\t#rt-tpg-container-3513982254 .layout12 .rt-holder:hover .rt-detail,\n\t\t\t\t\t#rt-tpg-container-3513982254 .isotope8 .rt-holder:hover .rt-detail,\n\t\t\t\t\t#rt-tpg-container-3513982254 .carousel8 .rt-holder:hover .rt-detail,\n\t\t\t\t\t#rt-tpg-container-3513982254 .layout13 .rt-holder .overlay .post-info,\n\t\t\t\t\t#rt-tpg-container-3513982254 .isotope9 .rt-holder .overlay .post-info,\n\t\t\t\t\t#rt-tpg-container-3513982254.rt-tpg-container .layout4 .rt-holder .rt-detail,\n\t\t\t\t\t.rt-modal-3513982254 .md-content,\n\t\t\t\t\t.rt-modal-3513982254 .md-content > .rt-md-content-holder .rt-md-content,\n\t\t\t\t\t.rt-popup-wrap-3513982254.rt-popup-wrap .rt-popup-navigation-wrap,\n\t\t\t\t\t#rt-tpg-container-3513982254 .carousel9 .rt-holder .overlay .post-info{background-color:#7cb6c9;}#rt-tpg-container-3513982254 .layout5 .rt-holder .overlay, #rt-tpg-container-3513982254 .isotope2 .rt-holder .overlay, #rt-tpg-container-3513982254 .carousel2 .rt-holder .overlay,#rt-tpg-container-3513982254 .layout15 .rt-holder h3, #rt-tpg-container-3513982254 .isotope11 .rt-holder h3, #rt-tpg-container-3513982254 .carousel11 .rt-holder h3, #rt-tpg-container-3513982254 .layout16 .rt-holder h3,\n\t\t\t\t\t#rt-tpg-container-3513982254 .isotope12 .rt-holder h3, #rt-tpg-container-3513982254 .carousel12 .rt-holder h3 {background-color:rgba(124,182,201,0.8);}#rt-tpg-container-3513982254 .pagination-list li a,\n\t\t\t\t\trt-tpg-container-3513982254 .pagination-list li span,\n\t\t\t\t\trt-tpg-container-3513982254 .pagination li a,\n\t\t\t\t\t#rt-tpg-container-3513982254 .rt-tpg-isotope-buttons button,\n\t\t\t\t\t#rt-tpg-container-3513982254 .rt-tpg-utility .rt-tpg-load-more button,\n\t\t\t\t\t#rt-tpg-container-3513982254.rt-tpg-container .swiper-navigation .slider-btn,\n\t\t\t\t\t#rt-tpg-container-3513982254.rt-tpg-container .swiper-pagination-bullet,\n\t\t\t\t\t#rt-tpg-container-3513982254 .wc1 .rt-holder .rt-img-holder .overlay .product-more ul li a,\n\t\t\t\t\t#rt-tpg-container-3513982254 .wc2 .rt-detail .rt-wc-add-to-cart,\n\t\t\t\t\t#rt-tpg-container-3513982254 .wc3 .rt-detail .rt-wc-add-to-cart,\n\t\t\t\t\t#rt-tpg-container-3513982254 .wc4 .rt-detail .rt-wc-add-to-cart,\n\t\t\t\t\t#rt-tpg-container-3513982254 .wc-carousel2 .rt-detail .rt-wc-add-to-cart,\n\t\t\t\t\t#rt-tpg-container-3513982254 .wc-isotope2 .rt-detail .rt-wc-add-to-cart,\n\t\t\t\t\t#rt-tpg-container-3513982254 .rt-layout-filter-container .rt-filter-wrap .rt-filter-item-wrap.rt-filter-dropdown-wrap .rt-filter-dropdown,\n\t\t\t\t\t#rt-tpg-container-3513982254 .rt-layout-filter-container .rt-filter-sub-tax.sub-button-group .rt-filter-button-item,\n\t\t\t\t\t#rt-tpg-container-3513982254.rt-tpg-container .rt-pagination-wrap .rt-page-numbers .paginationjs .paginationjs-pages ul li>a,\n\t\t\t\t\t#rt-tpg-container-3513982254 .rt-filter-item-wrap.rt-filter-button-wrap span.rt-filter-button-item,\n\t\t\t\t\t#rt-tpg-container-3513982254.rt-tpg-container .rt-pagination-wrap  .rt-loadmore-btn,\n\t\t\t\t\t#rt-tpg-container-3513982254.rt-tpg-container .rt-pagination-wrap .rt-cb-page-prev-next > *,\n\t\t\t\t\t#rt-tpg-container-3513982254 .rt-read-more,\n\t\t\t\t\t#rt-tooltip-3513982254, #rt-tooltip-3513982254 .rt-tooltip-bottom:after{background-color:#ffffff;}#rt-tpg-container-3513982254 .rt-filter-item-wrap.rt-filter-button-wrap span.rt-filter-button-item,\n\t\t\t\t\t#rt-tpg-container-3513982254 .rt-layout-filter-container .rt-filter-sub-tax.sub-button-group .rt-filter-button-item{border-color:#ffffff;}#rt-tpg-container-3513982254.rt-tpg-container .layout17 .rt-holder .overlay a.tpg-zoom .fa{color:#ffffff;}#rt-tpg-container-3513982254 .rt-holder .read-more a {background-color:#ffffff;padding: 8px 15px;}#rt-tpg-container-3513982254 .pagination-list li a:hover,\n\t\t\t\t\t#rt-tpg-container-3513982254 .pagination li a:hover,\n\t\t\t\t\t#rt-tpg-container-3513982254 .rt-tpg-isotope-buttons button:hover,\n\t\t\t\t\t#rt-tpg-container-3513982254 .rt-holder .read-more a:hover,\n\t\t\t\t\t#rt-tpg-container-3513982254 .rt-tpg-utility .rt-tpg-load-more button:hover,\n\t\t\t\t\t#rt-tpg-container-3513982254.rt-tpg-container .swiper-pagination-bullet:hover,\n\t\t\t\t\t#rt-tpg-container-3513982254.rt-tpg-container .swiper-navigation .slider-btn:hover,\n\t\t\t\t\t#rt-tpg-container-3513982254 .wc1 .rt-holder .rt-img-holder .overlay .product-more ul li a:hover,\n\t\t\t\t\t#rt-tpg-container-3513982254 .wc2 .rt-detail .rt-wc-add-to-cart:hover,\n\t\t\t\t\t#rt-tpg-container-3513982254 .wc3 .rt-detail .rt-wc-add-to-cart:hover,\n\t\t\t\t\t#rt-tpg-container-3513982254 .wc4 .rt-detail .rt-wc-add-to-cart:hover,\n\t\t\t\t\t#rt-tpg-container-3513982254 .wc-carousel2 .rt-detail .rt-wc-add-to-cart:hover,\n\t\t\t\t\t#rt-tpg-container-3513982254 .wc-isotope2 .rt-detail .rt-wc-add-to-cart:hover,\n\t\t\t\t\t#rt-tpg-container-3513982254 .rt-layout-filter-container .rt-filter-wrap .rt-filter-item-wrap.rt-filter-dropdown-wrap .rt-filter-dropdown .rt-filter-dropdown-item:hover,\n\t\t\t\t\t#rt-tpg-container-3513982254 .rt-layout-filter-container .rt-filter-wrap .rt-filter-item-wrap.rt-filter-dropdown-wrap .rt-filter-dropdown .rt-filter-dropdown-item.selected,\n\t\t\t\t\t#rt-tpg-container-3513982254 .rt-filter-item-wrap.rt-filter-button-wrap span.rt-filter-button-item:hover,\n\t\t\t\t\t#rt-tpg-container-3513982254 .rt-layout-filter-container .rt-filter-sub-tax.sub-button-group .rt-filter-button-item:hover,\n\t\t\t\t\t#rt-tpg-container-3513982254.rt-tpg-container .rt-pagination-wrap .rt-page-numbers .paginationjs .paginationjs-pages ul li>a:hover,\n\t\t\t\t\t#rt-tpg-container-3513982254.rt-tpg-container .rt-pagination-wrap .rt-cb-page-prev-next > *:hover,\n\t\t\t\t\t#rt-tpg-container-3513982254.rt-tpg-container .rt-pagination-wrap  .rt-loadmore-btn:hover,\n\t\t\t\t\t#rt-tpg-container-3513982254 .rt-read-more:hover,\n\t\t\t\t\t#rt-tpg-container-3513982254 .rt-tpg-utility .rt-tpg-load-more button:hover{background-color:#f6f7f3;}#rt-tpg-container-3513982254 .rt-filter-item-wrap.rt-filter-button-wrap span.rt-filter-button-item:hover,\n\t\t\t\t\t\t#rt-tpg-container-3513982254 .rt-layout-filter-container .rt-filter-sub-tax.sub-button-group .rt-filter-button-item:hover,\n\t\t\t\t\t\t#rt-tpg-container-3513982254.rt-tpg-container .swiper-navigation .slider-btn:hover,\n\t\t\t\t\t\t#rt-tpg-container-3513982254.rt-tpg-container .rt-pagination-wrap .rt-page-numbers .paginationjs .paginationjs-pages ul li>a:hover{border-color:#f6f7f3;}#rt-tpg-container-3513982254.rt-tpg-container .layout17 .rt-holder .overlay a.tpg-zoom:hover .fa{color:#f6f7f3;}#rt-tpg-container-3513982254 .pagination-list li a,\n\t\t\t\t\t#rt-tpg-container-3513982254 .pagination li a,\n\t\t\t\t\t#rt-tpg-container-3513982254 .rt-tpg-isotope-buttons button,\n\t\t\t\t\t#rt-tpg-container-3513982254 .rt-holder .read-more a,\n\t\t\t\t\t#rt-tpg-container-3513982254 .rt-tpg-utility .rt-tpg-load-more button,\n\t\t\t\t\t#rt-tpg-container-3513982254.rt-tpg-container .swiper-navigation .slider-btn,\n\t\t\t\t\t#rt-tpg-container-3513982254 .wc1 .rt-holder .rt-img-holder .overlay .product-more ul li a,\n\t\t\t\t\t#rt-tpg-container-3513982254 .edd1 .rt-holder .rt-img-holder .overlay .product-more ul li a,\n\t\t\t\t\t#rt-tpg-container-3513982254 .wc2 .rt-detail .rt-wc-add-to-cart,\n\t\t\t\t\t#rt-tpg-container-3513982254 .wc3 .rt-detail .rt-wc-add-to-cart,\n\t\t\t\t\t#rt-tpg-container-3513982254 .edd2 .rt-detail .rt-wc-add-to-cart,\n\t\t\t\t\t#rt-tpg-container-3513982254 .wc4 .rt-detail .rt-wc-add-to-cart,\n\t\t\t\t\t#rt-tpg-container-3513982254 .edd3 .rt-detail .rt-wc-add-to-cart,\n\t\t\t\t\t#rt-tpg-container-3513982254 .wc-carousel2 .rt-detail .rt-wc-add-to-cart,\n\t\t\t\t\t#rt-tpg-container-3513982254 .wc-isotope2 .rt-detail .rt-wc-add-to-cart,\n\t\t\t\t\t#rt-tpg-container-3513982254 .rt-tpg-utility .rt-tpg-load-more button,\n\t\t\t\t\t#rt-tooltip-3513982254,\n\t\t\t\t\t#rt-tpg-container-3513982254 .rt-filter-item-wrap.rt-filter-button-wrap span.rt-filter-button-item,\n\t\t\t\t\t#rt-tpg-container-3513982254 .rt-layout-filter-container .rt-filter-sub-tax.sub-button-group .rt-filter-button-item,\n\t\t\t\t\t#rt-tpg-container-3513982254 .rt-layout-filter-container .rt-filter-wrap .rt-filter-item-wrap.rt-sort-order-action,\n\t\t\t\t\t#rt-tpg-container-3513982254 .rt-layout-filter-container .rt-filter-wrap .rt-filter-item-wrap.rt-filter-dropdown-wrap .rt-filter-dropdown .rt-filter-dropdown-item,\n\t\t\t\t\t#rt-tpg-container-3513982254.rt-tpg-container .rt-pagination-wrap .rt-page-numbers .paginationjs .paginationjs-pages ul li>a,\n\t\t\t\t\t#rt-tpg-container-3513982254.rt-tpg-container .rt-pagination-wrap .rt-cb-page-prev-next > *,\n\t\t\t\t\t#rt-tpg-container-3513982254.rt-tpg-container .rt-pagination-wrap  .rt-loadmore-btn,\n\t\t\t\t\t#rt-tpg-container-3513982254 .rt-read-more,\n\t\t\t\t\t#rt-tooltip-3513982254 .rt-tooltip-bottom:after{color:#393b63;}#rt-tpg-container-3513982254 .read-more a{border-radius:px;}#rt-tpg-container-3513982254 .rt-img-holder img.rt-img-responsive,#rt-tpg-container-3513982254 .rt-img-holder,\n\t\t\t\t\t#rt-tpg-container-3513982254 .rt-post-overlay .post-img,\n\t\t\t\t\t#rt-tpg-container-3513982254 .post-sm .post-img,\n\t\t\t\t\t#rt-tpg-container-3513982254 .rt-post-grid .post-img,\n\t\t\t\t\t#rt-tpg-container-3513982254 .post-img img {border-radius:px;}#rt-tpg-container-3513982254 .layout5 .rt-holder h2.entry-title,\n\t\t\t\t\t#rt-tpg-container-3513982254 .layout5 .rt-holder h3.entry-title,\n\t\t\t\t\t#rt-tpg-container-3513982254 .layout5 .rt-holder h4.entry-title,\n\t\t\t\t\t#rt-tpg-container-3513982254 .layout5 .rt-holder h2.entry-title a,\n\t\t\t\t\t#rt-tpg-container-3513982254 .layout5 .rt-holder h3.entry-title a,\n\t\t\t\t\t#rt-tpg-container-3513982254 .layout5 .rt-holder h4.entry-title a,\n\t\t\t\t\t#rt-tpg-container-3513982254 .rt-holder .rt-woo-info h2 a,\n\t\t\t\t\t#rt-tpg-container-3513982254 .rt-holder .rt-woo-info h3 a,\n\t\t\t\t\t#rt-tpg-container-3513982254 .rt-holder .rt-woo-info h4 a,\n\t\t\t\t\t#rt-tpg-container-3513982254 .post-content .post-title,\n\t\t\t\t\t#rt-tpg-container-3513982254 .rt-post-grid .post-title,\n\t\t\t\t\t#rt-tpg-container-3513982254 .rt-post-grid .post-title a,\n\t\t\t\t\t#rt-tpg-container-3513982254 .post-content .post-title a,\n\t\t\t\t\t#rt-tpg-container-3513982254 .rt-holder .rt-woo-info h2,\n\t\t\t\t\t#rt-tpg-container-3513982254 .rt-holder .rt-woo-info h3,\n\t\t\t\t\t#rt-tpg-container-3513982254 .rt-holder .rt-woo-info h4{color:#231955;font-size:18px;line-height:28px;font-weight:bold;}#rt-tpg-container-3513982254 .post-grid-lg-style-1 .post-title,\n\t\t\t\t\t\t#rt-tpg-container-3513982254 .post-grid-lg-style-1 .post-title a,\n\t\t\t\t\t\t#rt-tpg-container-3513982254 .big-layout .post-title,\n\t\t\t\t\t\t#rt-tpg-container-3513982254 .big-layout .post-title a,\n\t\t\t\t\t\t#rt-tpg-container-3513982254 .post-grid-lg-style-1 .post-title,\n\t\t\t\t\t\t#rt-tpg-container-3513982254 .post-grid-lg-style-1 .post-title a {font-size:26px;line-height:36px;}<\/style><div class='rt-container-fluid rt-tpg-container tpg-shortcode-main-wrapper ' id='rt-tpg-container-3513982254'   data-layout='layout5' data-grid-style='even' data-desktop-col='4'  data-tab-col='2'  data-mobile-col='1' data-sc-id='367'><div data-title='Loading ...' class='rt-row rt-content-loader   layout5 tpg-even '><div class=\"rt-col-md-3 rt-col-sm-6 rt-col-xs-12 even-grid-item rt-grid-item img_zoom_in\" data-id=\"2990\"><div class=\"rt-holder\"><div class=\"overlay\"><h4 class=\"entry-title\"><a data-id=\"2990\" class=\"\" href=\"https:\/\/www.lajoiedespierres.com\/portail\/?p=2990\">HORAIRES D\u2019OUVERTURE de la BOUTIQUE:     <\/a><\/h4><span class='post-meta-user '><span class='date-meta'><i class='flaticon-calendar '><\/i>septembre 4, 2025<\/span><\/span><div class='rt-detail'><div class='tpg-excerpt'>...<\/div><div class='post-meta center'><span class='read-more'><a data-id='2990' class='' href='https:\/\/www.lajoiedespierres.com\/portail\/?p=2990'>Lire la suite<\/a><\/span><\/div><\/div><\/div> <a data-id='2990' class='' href='https:\/\/www.lajoiedespierres.com\/portail\/?p=2990'><img decoding=\"async\" width=\"150\" height=\"150\" src=\"https:\/\/www.lajoiedespierres.com\/portail\/wp-content\/uploads\/2024\/06\/11-JASPE-PAYSAGE-IMPRIME-1-150x150.jpg\" class=\"rt-img-responsive \" alt=\"\" \/><\/a><\/div><\/div><div class=\"rt-col-md-3 rt-col-sm-6 rt-col-xs-12 even-grid-item rt-grid-item img_zoom_in\" data-id=\"2974\"><div class=\"rt-holder\"><div class=\"overlay\"><h4 class=\"entry-title\"><a data-id=\"2974\" class=\"\" href=\"https:\/\/www.lajoiedespierres.com\/portail\/?p=2974\">TAUREAU (21 avril \u2013 20 mai)<\/a><\/h4><span class='post-meta-user '><span class='date-meta'><i class='flaticon-calendar '><\/i>mai 27, 2025<\/span><\/span><div class='rt-detail'><div class='tpg-excerpt'>Tourmaline Noire, Opale Mousse, Emeraude...<\/div><div class='post-meta center'><span class='read-more'><a data-id='2974' class='' href='https:\/\/www.lajoiedespierres.com\/portail\/?p=2974'>Lire la suite<\/a><\/span><\/div><\/div><\/div> <a data-id='2974' class='' href='https:\/\/www.lajoiedespierres.com\/portail\/?p=2974'><img decoding=\"async\" width=\"150\" height=\"150\" src=\"https:\/\/www.lajoiedespierres.com\/portail\/wp-content\/uploads\/2025\/05\/500974704_688160103973666_3770567736617075407_n-150x150.jpg\" class=\"rt-img-responsive \" alt=\"\" \/><\/a><\/div><\/div><div class=\"rt-col-md-3 rt-col-sm-6 rt-col-xs-12 even-grid-item rt-grid-item img_zoom_in\" data-id=\"2961\"><div class=\"rt-holder\"><div class=\"overlay\"><h4 class=\"entry-title\"><a data-id=\"2961\" class=\"\" href=\"https:\/\/www.lajoiedespierres.com\/portail\/?p=2961\">L&rsquo;UNIVERS DES CRISTAUX, A LA RENCONTRE DE SOI<\/a><\/h4><span class='post-meta-user '><span class='date-meta'><i class='flaticon-calendar '><\/i>octobre 4, 2024<\/span><\/span><div class='rt-detail'><div class='tpg-excerpt'>Sachant que les min\u00e9raux sont...<\/div><div class='post-meta center'><span class='read-more'><a data-id='2961' class='' href='https:\/\/www.lajoiedespierres.com\/portail\/?p=2961'>Lire la suite<\/a><\/span><\/div><\/div><\/div> <a data-id='2961' class='' href='https:\/\/www.lajoiedespierres.com\/portail\/?p=2961'><img decoding=\"async\" width=\"150\" height=\"150\" src=\"https:\/\/www.lajoiedespierres.com\/portail\/wp-content\/uploads\/2024\/10\/all-1-150x150.jpg\" class=\"rt-img-responsive \" alt=\"\" \/><\/a><\/div><\/div><div class=\"rt-col-md-3 rt-col-sm-6 rt-col-xs-12 even-grid-item rt-grid-item img_zoom_in\" data-id=\"2603\"><div class=\"rt-holder\"><div class=\"overlay\"><h4 class=\"entry-title\"><a data-id=\"2603\" class=\"\" href=\"https:\/\/www.lajoiedespierres.com\/portail\/?p=2603\">La Lithoth\u00e9rapie : Une Approche Naturelle pour le Bien-\u00eatre<\/a><\/h4><span class='post-meta-user '><span class='date-meta'><i class='flaticon-calendar '><\/i>juin 25, 2024<\/span><\/span><div class='rt-detail'><div class='tpg-excerpt'>La lithoth\u00e9rapie, une pratique ancestrale...<\/div><div class='post-meta center'><span class='read-more'><a data-id='2603' class='' href='https:\/\/www.lajoiedespierres.com\/portail\/?p=2603'>Lire la suite<\/a><\/span><\/div><\/div><\/div> <a data-id='2603' class='' href='https:\/\/www.lajoiedespierres.com\/portail\/?p=2603'><img loading=\"lazy\" decoding=\"async\" width=\"150\" height=\"150\" src=\"https:\/\/www.lajoiedespierres.com\/portail\/wp-content\/uploads\/2024\/06\/P1050209-150x150.jpg\" class=\"rt-img-responsive \" alt=\"\" \/><\/a><\/div><\/div><div class=\"rt-col-md-3 rt-col-sm-6 rt-col-xs-12 even-grid-item rt-grid-item img_zoom_in\" data-id=\"2601\"><div class=\"rt-holder\"><div class=\"overlay\"><h4 class=\"entry-title\"><a data-id=\"2601\" class=\"\" href=\"https:\/\/www.lajoiedespierres.com\/portail\/?p=2601\">D\u00e9couvrez Nos Promotions d&rsquo;\u00c9t\u00e9 sur les Pierres \u00c9nerg\u00e9tiques !<\/a><\/h4><span class='post-meta-user '><span class='date-meta'><i class='flaticon-calendar '><\/i>juin 25, 2024<\/span><\/span><div class='rt-detail'><div class='tpg-excerpt'>L&rsquo;\u00e9t\u00e9 est enfin arriv\u00e9, apportant...<\/div><div class='post-meta center'><span class='read-more'><a data-id='2601' class='' href='https:\/\/www.lajoiedespierres.com\/portail\/?p=2601'>Lire la suite<\/a><\/span><\/div><\/div><\/div> <a data-id='2601' class='' href='https:\/\/www.lajoiedespierres.com\/portail\/?p=2601'><img loading=\"lazy\" decoding=\"async\" width=\"150\" height=\"150\" src=\"https:\/\/www.lajoiedespierres.com\/portail\/wp-content\/uploads\/2024\/06\/P1050261-150x150.jpg\" class=\"rt-img-responsive \" alt=\"\" \/><\/a><\/div><\/div><div class=\"rt-col-md-3 rt-col-sm-6 rt-col-xs-12 even-grid-item rt-grid-item img_zoom_in\" data-id=\"1110\"><div class=\"rt-holder\"><div class=\"overlay\"><h4 class=\"entry-title\"><a data-id=\"1110\" class=\"\" href=\"https:\/\/www.lajoiedespierres.com\/portail\/?p=1110\">Signe \u00e0 l\u2019honneur \u2013 Les G\u00e9meaux (21mai -21 juin)<\/a><\/h4><span class='post-meta-user '><span class='date-meta'><i class='flaticon-calendar '><\/i>juin 20, 2024<\/span><\/span><div class='rt-detail'><div class='tpg-excerpt'>Les G\u00e9meaux sont curieux, avides...<\/div><div class='post-meta center'><span class='read-more'><a data-id='1110' class='' href='https:\/\/www.lajoiedespierres.com\/portail\/?p=1110'>Lire la suite<\/a><\/span><\/div><\/div><\/div> <a data-id='1110' class='' href='https:\/\/www.lajoiedespierres.com\/portail\/?p=1110'><img loading=\"lazy\" decoding=\"async\" width=\"150\" height=\"150\" src=\"https:\/\/www.lajoiedespierres.com\/portail\/wp-content\/uploads\/2024\/06\/DSC07948-150x150.jpg\" class=\"rt-img-responsive \" alt=\"\" \/><\/a><\/div><\/div><div class=\"rt-col-md-3 rt-col-sm-6 rt-col-xs-12 even-grid-item rt-grid-item img_zoom_in\" data-id=\"837\"><div class=\"rt-holder\"><div class=\"overlay\"><h4 class=\"entry-title\"><a data-id=\"837\" class=\"\" href=\"https:\/\/www.lajoiedespierres.com\/portail\/?p=837\">Labradorite : La Pierre Mystique et Protectrice<\/a><\/h4><span class='post-meta-user '><span class='date-meta'><i class='flaticon-calendar '><\/i>juin 20, 2024<\/span><\/span><div class='rt-detail'><div class='tpg-excerpt'>Une Pierre de Protection Incontournable...<\/div><div class='post-meta center'><span class='read-more'><a data-id='837' class='' href='https:\/\/www.lajoiedespierres.com\/portail\/?p=837'>Lire la suite<\/a><\/span><\/div><\/div><\/div> <a data-id='837' class='' href='https:\/\/www.lajoiedespierres.com\/portail\/?p=837'><img loading=\"lazy\" decoding=\"async\" width=\"150\" height=\"150\" src=\"https:\/\/www.lajoiedespierres.com\/portail\/wp-content\/uploads\/2024\/06\/Labradorite-150x150.jpg\" class=\"rt-img-responsive \" alt=\"\" \/><\/a><\/div><\/div><\/div><\/div><\/div>\n\t\t\t\t<\/div>\n\t\t\t\t<\/div>\n\t\t\t\t\t<\/div>\n\t\t\t\t<\/div>\n\t\t\t\t<\/div>\n\t\t","protected":false},"excerpt":{"rendered":"","protected":false},"author":3,"featured_media":0,"parent":0,"menu_order":0,"comment_status":"closed","ping_status":"closed","template":"","meta":{"footnotes":""},"class_list":["post-368","page","type-page","status-publish","hentry","entry","has-media"],"yoast_head":"<!-- This site is optimized with the Yoast SEO plugin v23.0 - https:\/\/yoast.com\/wordpress\/plugins\/seo\/ -->\n<title>News - La joie des pierres<\/title>\n<meta name=\"robots\" content=\"index, follow, max-snippet:-1, max-image-preview:large, max-video-preview:-1\" \/>\n<link rel=\"canonical\" href=\"https:\/\/www.lajoiedespierres.com\/portail\/?page_id=368\" \/>\n<meta property=\"og:locale\" content=\"fr_FR\" \/>\n<meta property=\"og:type\" content=\"article\" \/>\n<meta property=\"og:title\" content=\"News - La joie des pierres\" \/>\n<meta property=\"og:url\" content=\"https:\/\/www.lajoiedespierres.com\/portail\/?page_id=368\" \/>\n<meta property=\"og:site_name\" content=\"La joie des pierres\" \/>\n<meta property=\"article:modified_time\" content=\"2024-06-24T12:35:02+00:00\" \/>\n<meta name=\"twitter:card\" content=\"summary_large_image\" \/>\n<script type=\"application\/ld+json\" class=\"yoast-schema-graph\">{\"@context\":\"https:\/\/schema.org\",\"@graph\":[{\"@type\":\"WebPage\",\"@id\":\"https:\/\/www.lajoiedespierres.com\/portail\/?page_id=368\",\"url\":\"https:\/\/www.lajoiedespierres.com\/portail\/?page_id=368\",\"name\":\"News - La joie des pierres\",\"isPartOf\":{\"@id\":\"https:\/\/www.lajoiedespierres.com\/portail\/#website\"},\"datePublished\":\"2024-06-18T14:41:15+00:00\",\"dateModified\":\"2024-06-24T12:35:02+00:00\",\"breadcrumb\":{\"@id\":\"https:\/\/www.lajoiedespierres.com\/portail\/?page_id=368#breadcrumb\"},\"inLanguage\":\"fr-FR\",\"potentialAction\":[{\"@type\":\"ReadAction\",\"target\":[\"https:\/\/www.lajoiedespierres.com\/portail\/?page_id=368\"]}]},{\"@type\":\"BreadcrumbList\",\"@id\":\"https:\/\/www.lajoiedespierres.com\/portail\/?page_id=368#breadcrumb\",\"itemListElement\":[{\"@type\":\"ListItem\",\"position\":1,\"name\":\"Home\",\"item\":\"https:\/\/www.lajoiedespierres.com\/portail\/\"},{\"@type\":\"ListItem\",\"position\":2,\"name\":\"News\"}]},{\"@type\":\"WebSite\",\"@id\":\"https:\/\/www.lajoiedespierres.com\/portail\/#website\",\"url\":\"https:\/\/www.lajoiedespierres.com\/portail\/\",\"name\":\"La joie des pierres\",\"description\":\"\",\"publisher\":{\"@id\":\"https:\/\/www.lajoiedespierres.com\/portail\/#organization\"},\"potentialAction\":[{\"@type\":\"SearchAction\",\"target\":{\"@type\":\"EntryPoint\",\"urlTemplate\":\"https:\/\/www.lajoiedespierres.com\/portail\/?s={search_term_string}\"},\"query-input\":\"required name=search_term_string\"}],\"inLanguage\":\"fr-FR\"},{\"@type\":\"Organization\",\"@id\":\"https:\/\/www.lajoiedespierres.com\/portail\/#organization\",\"name\":\"La joie des pierres\",\"url\":\"https:\/\/www.lajoiedespierres.com\/portail\/\",\"logo\":{\"@type\":\"ImageObject\",\"inLanguage\":\"fr-FR\",\"@id\":\"https:\/\/www.lajoiedespierres.com\/portail\/#\/schema\/logo\/image\/\",\"url\":\"https:\/\/www.lajoiedespierres.com\/portail\/wp-content\/uploads\/2024\/06\/cropped-Screenshot_from_2024-06-18_11-29-21-removebg-preview-1.png\",\"contentUrl\":\"https:\/\/www.lajoiedespierres.com\/portail\/wp-content\/uploads\/2024\/06\/cropped-Screenshot_from_2024-06-18_11-29-21-removebg-preview-1.png\",\"width\":477,\"height\":108,\"caption\":\"La joie des pierres\"},\"image\":{\"@id\":\"https:\/\/www.lajoiedespierres.com\/portail\/#\/schema\/logo\/image\/\"}}]}<\/script>\n<!-- \/ Yoast SEO plugin. -->","yoast_head_json":{"title":"News - La joie des pierres","robots":{"index":"index","follow":"follow","max-snippet":"max-snippet:-1","max-image-preview":"max-image-preview:large","max-video-preview":"max-video-preview:-1"},"canonical":"https:\/\/www.lajoiedespierres.com\/portail\/?page_id=368","og_locale":"fr_FR","og_type":"article","og_title":"News - La joie des pierres","og_url":"https:\/\/www.lajoiedespierres.com\/portail\/?page_id=368","og_site_name":"La joie des pierres","article_modified_time":"2024-06-24T12:35:02+00:00","twitter_card":"summary_large_image","schema":{"@context":"https:\/\/schema.org","@graph":[{"@type":"WebPage","@id":"https:\/\/www.lajoiedespierres.com\/portail\/?page_id=368","url":"https:\/\/www.lajoiedespierres.com\/portail\/?page_id=368","name":"News - La joie des pierres","isPartOf":{"@id":"https:\/\/www.lajoiedespierres.com\/portail\/#website"},"datePublished":"2024-06-18T14:41:15+00:00","dateModified":"2024-06-24T12:35:02+00:00","breadcrumb":{"@id":"https:\/\/www.lajoiedespierres.com\/portail\/?page_id=368#breadcrumb"},"inLanguage":"fr-FR","potentialAction":[{"@type":"ReadAction","target":["https:\/\/www.lajoiedespierres.com\/portail\/?page_id=368"]}]},{"@type":"BreadcrumbList","@id":"https:\/\/www.lajoiedespierres.com\/portail\/?page_id=368#breadcrumb","itemListElement":[{"@type":"ListItem","position":1,"name":"Home","item":"https:\/\/www.lajoiedespierres.com\/portail\/"},{"@type":"ListItem","position":2,"name":"News"}]},{"@type":"WebSite","@id":"https:\/\/www.lajoiedespierres.com\/portail\/#website","url":"https:\/\/www.lajoiedespierres.com\/portail\/","name":"La joie des pierres","description":"","publisher":{"@id":"https:\/\/www.lajoiedespierres.com\/portail\/#organization"},"potentialAction":[{"@type":"SearchAction","target":{"@type":"EntryPoint","urlTemplate":"https:\/\/www.lajoiedespierres.com\/portail\/?s={search_term_string}"},"query-input":"required name=search_term_string"}],"inLanguage":"fr-FR"},{"@type":"Organization","@id":"https:\/\/www.lajoiedespierres.com\/portail\/#organization","name":"La joie des pierres","url":"https:\/\/www.lajoiedespierres.com\/portail\/","logo":{"@type":"ImageObject","inLanguage":"fr-FR","@id":"https:\/\/www.lajoiedespierres.com\/portail\/#\/schema\/logo\/image\/","url":"https:\/\/www.lajoiedespierres.com\/portail\/wp-content\/uploads\/2024\/06\/cropped-Screenshot_from_2024-06-18_11-29-21-removebg-preview-1.png","contentUrl":"https:\/\/www.lajoiedespierres.com\/portail\/wp-content\/uploads\/2024\/06\/cropped-Screenshot_from_2024-06-18_11-29-21-removebg-preview-1.png","width":477,"height":108,"caption":"La joie des pierres"},"image":{"@id":"https:\/\/www.lajoiedespierres.com\/portail\/#\/schema\/logo\/image\/"}}]}},"rttpg_featured_image_url":null,"rttpg_author":{"display_name":"Antokiniaina Fandresena","author_link":"https:\/\/www.lajoiedespierres.com\/portail\/?author=3"},"rttpg_comment":0,"rttpg_category":"","rttpg_excerpt":null,"_links":{"self":[{"href":"https:\/\/www.lajoiedespierres.com\/portail\/index.php?rest_route=\/wp\/v2\/pages\/368","targetHints":{"allow":["GET"]}}],"collection":[{"href":"https:\/\/www.lajoiedespierres.com\/portail\/index.php?rest_route=\/wp\/v2\/pages"}],"about":[{"href":"https:\/\/www.lajoiedespierres.com\/portail\/index.php?rest_route=\/wp\/v2\/types\/page"}],"author":[{"embeddable":true,"href":"https:\/\/www.lajoiedespierres.com\/portail\/index.php?rest_route=\/wp\/v2\/users\/3"}],"replies":[{"embeddable":true,"href":"https:\/\/www.lajoiedespierres.com\/portail\/index.php?rest_route=%2Fwp%2Fv2%2Fcomments&post=368"}],"version-history":[{"count":0,"href":"https:\/\/www.lajoiedespierres.com\/portail\/index.php?rest_route=\/wp\/v2\/pages\/368\/revisions"}],"wp:attachment":[{"href":"https:\/\/www.lajoiedespierres.com\/portail\/index.php?rest_route=%2Fwp%2Fv2%2Fmedia&parent=368"}],"curies":[{"name":"wp","href":"https:\/\/api.w.org\/{rel}","templated":true}]}}